{"id":17418,"date":"2025-07-29T12:47:51","date_gmt":"2025-07-29T10:47:51","guid":{"rendered":"https:\/\/www.datos101.com\/?post_type=product&#038;p=17418"},"modified":"2026-02-13T08:16:41","modified_gmt":"2026-02-13T07:16:41","slug":"bitdefender-ts","status":"publish","type":"product","link":"https:\/\/www.datos101.com\/en\/store\/antivirus-en\/bitdefender-ts\/","title":{"rendered":"Bitdefender Total Security | PC\/Mac\/iOS\/Android | C\u00f3digo de activaci\u00f3n por email | Renovaci\u00f3n autom\u00e1tica"},"content":{"rendered":"<ul>\n<li>Protecci\u00f3n continua con renovaci\u00f3n autom\u00e1tica: es necesario registrar un m\u00e9todo de pago para instalar la protecci\u00f3n de Bitdefender. Puede desactivar la renovaci\u00f3n autom\u00e1tica en cualquier momento desde su cuenta de Bitdefender.<\/li>\n<li>No se realizar\u00e1 ning\u00fan cargo durante la duraci\u00f3n de la suscripci\u00f3n inicial prepagada. Al finalizar el periodo de la suscripci\u00f3n prepagada, su producto se renovar\u00e1 autom\u00e1ticamente al precio de renovaci\u00f3n. El precio de renovaci\u00f3n puede variar; recibir\u00e1 un correo electr\u00f3nico de notificaci\u00f3n antes de cualquier cargo, ofreci\u00e9ndole la posibilidad de rechazarlo. Usted conserva el control total sobre sus opciones de renovaci\u00f3n.<\/li>\n<li>Protecci\u00f3n completa para Windows, MacOs, iOS y Android contra todo tipo de amenazas: virus, gusanos, ransomware, troyanos, ataques de d\u00eda cero, phishing, rootkits y mucho m\u00e1s.<\/li>\n<li>No afecta la velocidad de sus dispositivos, y optimiza el rendimiento de su PC.<\/li>\n<li>Protecci\u00f3n contra el fraude y el phishing al comprar y navegar en l\u00ednea, y protecci\u00f3n contra la difusi\u00f3n de archivos provenientes de su webcam y su micr\u00f3fono.<\/li>\n<li>VPN segura (200 MB\/d\u00eda\/dispositivo).<\/li>\n<li>Firewall anti-intrusi\u00f3n para proteger su informaci\u00f3n personal de hackers y esp\u00edas.<\/li>\n<li>Independientemente de la versi\u00f3n anual indicada en el producto (2024, 2023, etc.), su producto se actualiza autom\u00e1ticamente y de forma gratuita a la \u00faltima versi\u00f3n en el momento de la instalaci\u00f3n y se actualiza autom\u00e1ticamente con cada nueva versi\u00f3n.<\/li>\n<\/ul>\n","protected":false},"excerpt":{"rendered":"<p>Protecci\u00f3n continua con renovaci\u00f3n autom\u00e1tica: es necesario registrar un m\u00e9todo de pago para instalar la protecci\u00f3n de Bitdefender. Puede desactivar la renovaci\u00f3n autom\u00e1tica en cualquier momento<span class=\"excerpt-hellip\"> [\u2026]<\/span><\/p>\n","protected":false},"featured_media":16986,"comment_status":"closed","ping_status":"closed","template":"","meta":[],"product_brand":[],"product_cat":[379],"product_tag":[],"class_list":{"0":"post-17418","1":"product","2":"type-product","3":"status-publish","4":"has-post-thumbnail","6":"product_cat-antivirus-en","8":"first","9":"instock","10":"sale","11":"taxable","12":"shipping-taxable","13":"product-type-variable","14":"has-default-attributes"},"_links":{"self":[{"href":"https:\/\/www.datos101.com\/en\/wp-json\/wp\/v2\/product\/17418","targetHints":{"allow":["GET"]}}],"collection":[{"href":"https:\/\/www.datos101.com\/en\/wp-json\/wp\/v2\/product"}],"about":[{"href":"https:\/\/www.datos101.com\/en\/wp-json\/wp\/v2\/types\/product"}],"replies":[{"embeddable":true,"href":"https:\/\/www.datos101.com\/en\/wp-json\/wp\/v2\/comments?post=17418"}],"wp:featuredmedia":[{"embeddable":true,"href":"https:\/\/www.datos101.com\/en\/wp-json\/wp\/v2\/media\/16986"}],"wp:attachment":[{"href":"https:\/\/www.datos101.com\/en\/wp-json\/wp\/v2\/media?parent=17418"}],"wp:term":[{"taxonomy":"product_brand","embeddable":true,"href":"https:\/\/www.datos101.com\/en\/wp-json\/wp\/v2\/product_brand?post=17418"},{"taxonomy":"product_cat","embeddable":true,"href":"https:\/\/www.datos101.com\/en\/wp-json\/wp\/v2\/product_cat?post=17418"},{"taxonomy":"product_tag","embeddable":true,"href":"https:\/\/www.datos101.com\/en\/wp-json\/wp\/v2\/product_tag?post=17418"}],"curies":[{"name":"wp","href":"https:\/\/api.w.org\/{rel}","templated":true}]}}