{"id":11239,"date":"2022-03-29T08:12:54","date_gmt":"2022-03-29T06:12:54","guid":{"rendered":"https:\/\/www.datos101.com\/tienda\/uncategorized\/bitdefender-mobile-security-android-ios\/"},"modified":"2025-09-17T09:12:27","modified_gmt":"2025-09-17T07:12:27","slug":"bitdefender-mobile-security-android","status":"publish","type":"product","link":"https:\/\/www.datos101.com\/en\/store\/antivirus-en\/bitdefender-mobile-security-android\/","title":{"rendered":"Bitdefender Mobile Security | Android | C\u00f3digo de activaci\u00f3n por email | Renovaci\u00f3n autom\u00e1tica"},"content":{"rendered":"<h4>Obtenga una protecci\u00f3n absoluta contra las amenazas. Dise\u00f1ado para sus dispositivos Android<\/h4>\n<p>La Protecci\u00f3n web de Bitdefender Mobile Security filtra el tr\u00e1fico de todas las apps y bloquea todo lo que representa una amenaza para sus datos. Tambi\u00e9n a\u00f1ade una capa de cifrado para evitar que sus datos se manejen incorrectamente.<\/p>\n<p>La VPN de Bitdefender que se incluye le ofrece una capa adicional de privacidad que protege todo su tr\u00e1fico en las redes p\u00fablicas, para que los atacantes no puedan interceptarlo.<\/p>\n<p>Rellene formularios online de forma segura, use apps y navegue por la web sin la inquietante sensaci\u00f3n de que sus datos pueden caer en las manos equivocadas si no presta la suficiente atenci\u00f3n.<strong>Utilice su tel\u00e9fono sin preocuparse.<\/strong><\/p>\n<h4>La mejor protecci\u00f3n para sus dispositivos Android<\/h4>\n<p>Consigue las tecnolog\u00edas m\u00e1s innovadoras que predicen, previenen, detectan y reparan incluso las amenazas digitales m\u00e1s recientes, en cualquier parte del mundo<\/p>\n<h4>Protege sus datos personales<\/h4>\n<p>Sus contrase\u00f1as, direcci\u00f3n, informaci\u00f3n financiera y social est\u00e1n ahora a salvo.<\/p>\n<h4>Evita la interceptaci\u00f3n<\/h4>\n<p>Puede usar su tarjeta online sin preocuparse de que le roben sus datos financieros.<\/p>\n<h4>Le ayuda a mantenerse a salvo<\/h4>\n<p>Puede analizar f\u00e1cilmente su tel\u00e9fono para saber si tiene alguna configuraci\u00f3n err\u00f3nea que ponga sus datos en riesgo, y cerrar esas brechas para disfrutar de una total seguridad.<\/p>\n<h4>Filtra el tr\u00e1fico de todas las apps<\/h4>\n<p>No es solo su actividad de navegaci\u00f3n la que se protege. Se evita que cualquier app de su iPhone que env\u00ede informaci\u00f3n a trav\u00e9s de Internet lo haga indebidamente.<\/p>\n<h4>Proporciona informaci\u00f3n sobre el uso<\/h4>\n<p>Conozca las claves de su actividad online: uso diario, categorizaci\u00f3n del tr\u00e1fico e incidentes prevenidos.<\/p>\n<h4>M\u00ednimo impacto en la duraci\u00f3n de la bater\u00eda<\/h4>\n<p>Ofrece la protecci\u00f3n m\u00e1s potente contra amenazas con el menor impacto en la bater\u00eda.<\/p>\n","protected":false},"excerpt":{"rendered":"<p><strong>Disfrute de su Android. Lo mantenemos a salvo.<\/strong><br \/>\n<strong>Bitdefender Mobile Security for Android es una app para dispositivos m\u00f3viles dise\u00f1ada especialmente para mantener sus datos confidenciales a salvo de miradas indiscretas.<\/strong><\/p>\n<ul>\n<li>Obtenga la protecci\u00f3n m\u00e1s potente contra amenazas con el menor impacto en la bater\u00eda<\/li>\n<li>Proteja sus datos personales: contrase\u00f1as, direcci\u00f3n, informaci\u00f3n financiera y social<\/li>\n<li>Compruebe f\u00e1cilmente la seguridad de su tel\u00e9fono para detectar y corregir las configuraciones err\u00f3neas que pueden dejarlo expuesto<\/li>\n<li>Reciba alertas instant\u00e1neas cuando se evite un incidente<\/li>\n<li>Evite la exposici\u00f3n accidental de sus datos y el uso indebido de todas las apps que tiene instaladas<\/li>\n<li>Obtenga informaci\u00f3n de uso sobre sus actividades online y el historial de incidentes prevenidos<\/li>\n<li>Compruebe si sus cuentas online han sido v\u00edctimas de vulneraciones de datos<\/li>\n<li>Cifre todo el tr\u00e1fico de Internet con la VPN incluida<\/li>\n<\/ul>\n","protected":false},"featured_media":17571,"comment_status":"closed","ping_status":"closed","template":"","meta":[],"product_brand":[],"product_cat":[379],"product_tag":[],"class_list":{"0":"post-11239","1":"product","2":"type-product","3":"status-publish","4":"has-post-thumbnail","6":"product_cat-antivirus-en","8":"first","9":"instock","10":"sale","11":"taxable","12":"shipping-taxable","13":"product-type-variable","14":"has-default-attributes"},"_links":{"self":[{"href":"https:\/\/www.datos101.com\/en\/wp-json\/wp\/v2\/product\/11239","targetHints":{"allow":["GET"]}}],"collection":[{"href":"https:\/\/www.datos101.com\/en\/wp-json\/wp\/v2\/product"}],"about":[{"href":"https:\/\/www.datos101.com\/en\/wp-json\/wp\/v2\/types\/product"}],"replies":[{"embeddable":true,"href":"https:\/\/www.datos101.com\/en\/wp-json\/wp\/v2\/comments?post=11239"}],"wp:featuredmedia":[{"embeddable":true,"href":"https:\/\/www.datos101.com\/en\/wp-json\/wp\/v2\/media\/17571"}],"wp:attachment":[{"href":"https:\/\/www.datos101.com\/en\/wp-json\/wp\/v2\/media?parent=11239"}],"wp:term":[{"taxonomy":"product_brand","embeddable":true,"href":"https:\/\/www.datos101.com\/en\/wp-json\/wp\/v2\/product_brand?post=11239"},{"taxonomy":"product_cat","embeddable":true,"href":"https:\/\/www.datos101.com\/en\/wp-json\/wp\/v2\/product_cat?post=11239"},{"taxonomy":"product_tag","embeddable":true,"href":"https:\/\/www.datos101.com\/en\/wp-json\/wp\/v2\/product_tag?post=11239"}],"curies":[{"name":"wp","href":"https:\/\/api.w.org\/{rel}","templated":true}]}}