{"id":11178,"date":"2022-01-27T09:14:00","date_gmt":"2022-01-27T08:14:00","guid":{"rendered":"https:\/\/www.datos101.com\/tienda\/uncategorized\/bitdefender-premium-vpn\/"},"modified":"2025-04-01T08:42:55","modified_gmt":"2025-04-01T06:42:55","slug":"bitdefender-premium-vpn","status":"publish","type":"product","link":"https:\/\/www.datos101.com\/en\/store\/antivirus-en\/bitdefender-premium-vpn\/","title":{"rendered":"Bitdefender Premium VPN"},"content":{"rendered":"<h4>Navegue por la web realmente de inc\u00f3gnito<\/h4>\n<p>Hoy en d\u00eda, la navegaci\u00f3n privada no basta para permanecer en el anonimato. Con <strong>Bitdefender Premium VPN<\/strong>, su IP real desaparece, por lo que no es posible vincular sus actividades online con usted. Creemos en proteger su derecho a la privacidad, por lo cual no guardamos registros de tr\u00e1fico.<\/p>\n<h4>Proteja todo su tr\u00e1fico en redes p\u00fablicas<\/h4>\n<p>Las redes p\u00fablicas, como las de aeropuertos, salas de espera, hoteles, restaurantes y centros comerciales son objetivos f\u00e1ciles para quienes intentan capturar y aprovecharse de su tr\u00e1fico. Conecte su red privada virtual a cualquiera de nuestros servidores para proteger su tr\u00e1fico con cifrado de nivel militar, lo que hace imposible que alguien pueda acceder a \u00e9l.<\/p>\n<h4>Acceda a contenidos restringidos en su regi\u00f3n<\/h4>\n<p>Los gobiernos, las universidades e incluso algunos proveedores de Internet de todo el mundo practican la censura online bloqueando el acceso a ciertas aplicaciones y sitios web. Si este problema forma parte de su vida diaria, lib\u00e9rese de las restricciones establecidas en su regi\u00f3n y descubra el verdadero Internet con el servicio<strong> Bitdefender VPN<\/strong>.<\/p>\n<h4>Evite la limitaci\u00f3n de su proveedor de Internet<\/h4>\n<p>La presi\u00f3n sobre la infraestructura de los proveedores de Internet no deja de crecer, especialmente durante estos tiempos. No todos pueden seguirle el ritmo a la demanda y algunos optan por limitar su ancho de banda dependiendo del tipo de tr\u00e1fico que lleve a cabo. Esto puede afectar a su experiencia mientras juega o ve su serie favorita en HD por streaming. Con Bitdefender Premium VPN, su tr\u00e1fico est\u00e1 cifrado y nadie puede rastrear lo que hace online, ni siquiera su proveedor de Internet.<\/p>\n<h4>Acceda a la posibilidad de viajes m\u00e1s baratos<\/h4>\n<p>Muchos portales de viajes y compa\u00f1\u00edas a\u00e9reas utilizan un mecanismo din\u00e1mico de establecimiento de precios para adaptar sus ofertas, lo que en ocasiones supone un inconveniente. Use <strong>Bitdefender Premium VPN<\/strong> y con\u00e9ctese a varios pa\u00edses para encontrar la mejor oferta.<\/p>\n<h4>Vea sus series y pel\u00edculas favoritas aunque est\u00e9 lejos de casa<\/h4>\n<p>Ya est\u00e9 de vacaciones o en un viaje de negocios, al finalizar el d\u00eda lo que quiere es sentarse, relajarse y ver algo entretenido en su servicio de streaming. Si no est\u00e1 disponible en su ubicaci\u00f3n actual, puede conectarse a un servidor <strong>VPN<\/strong> de su pa\u00eds de origen y disfrutar de su serie o pel\u00edcula.<\/p>\n<h4>Protecci\u00f3n contra ataques selectivos<\/h4>\n<p>Un servicio VPN seguro como Bitdefender Premium VPN es especialmente \u00fatil cuando est\u00e1 jugando y su oponente trata de obtener una ventaja adicional mediante m\u00e9todos poco ortodoxos, como lanzar ataques DDoS para ralentizarle.<\/p>\n","protected":false},"excerpt":{"rendered":"<p><strong>VPN extraordinariamente r\u00e1pida que mantiene su identidad y sus actividades online a salvo de piratas inform\u00e1ticos, fisgones y proveedores de Internet<\/strong><\/p>\n<ul>\n<li>Acceda al contenido de Netflix de Estados Unidos desde cualquier parte del mundo<\/li>\n<li>Tr\u00e1fico cifrado ilimitado para un m\u00e1ximo de diez dispositivos<\/li>\n<li>Completo anonimato y protecci\u00f3n online<\/li>\n<li>Visualizaci\u00f3n y descarga segura de v\u00eddeo en streaming<\/li>\n<li>Sin registros de tr\u00e1fico<\/li>\n<li>M\u00e1s de 4000 servidores en m\u00e1s de 49 pa\u00edses del mundo<\/li>\n<li>Disponible para dispositivos Windows, macOS, iOS y Android<\/li>\n<\/ul>\n","protected":false},"featured_media":10632,"comment_status":"closed","ping_status":"closed","template":"","meta":[],"product_brand":[],"product_cat":[379],"product_tag":[],"class_list":{"0":"post-11178","1":"product","2":"type-product","3":"status-publish","4":"has-post-thumbnail","6":"product_cat-antivirus-en","8":"first","9":"outofstock","10":"sale","11":"taxable","12":"shipping-taxable","13":"product-type-variable","14":"has-default-attributes"},"_links":{"self":[{"href":"https:\/\/www.datos101.com\/en\/wp-json\/wp\/v2\/product\/11178","targetHints":{"allow":["GET"]}}],"collection":[{"href":"https:\/\/www.datos101.com\/en\/wp-json\/wp\/v2\/product"}],"about":[{"href":"https:\/\/www.datos101.com\/en\/wp-json\/wp\/v2\/types\/product"}],"replies":[{"embeddable":true,"href":"https:\/\/www.datos101.com\/en\/wp-json\/wp\/v2\/comments?post=11178"}],"wp:featuredmedia":[{"embeddable":true,"href":"https:\/\/www.datos101.com\/en\/wp-json\/wp\/v2\/media\/10632"}],"wp:attachment":[{"href":"https:\/\/www.datos101.com\/en\/wp-json\/wp\/v2\/media?parent=11178"}],"wp:term":[{"taxonomy":"product_brand","embeddable":true,"href":"https:\/\/www.datos101.com\/en\/wp-json\/wp\/v2\/product_brand?post=11178"},{"taxonomy":"product_cat","embeddable":true,"href":"https:\/\/www.datos101.com\/en\/wp-json\/wp\/v2\/product_cat?post=11178"},{"taxonomy":"product_tag","embeddable":true,"href":"https:\/\/www.datos101.com\/en\/wp-json\/wp\/v2\/product_tag?post=11178"}],"curies":[{"name":"wp","href":"https:\/\/api.w.org\/{rel}","templated":true}]}}