{"id":11132,"date":"2022-12-25T08:14:00","date_gmt":"2022-12-25T07:14:00","guid":{"rendered":"https:\/\/www.datos101.com\/tienda\/uncategorized\/bitdefender-small-office-security\/"},"modified":"2025-04-01T08:42:07","modified_gmt":"2025-04-01T06:42:07","slug":"bitdefender-small-office-security","status":"publish","type":"product","link":"https:\/\/www.datos101.com\/en\/store\/antivirus-en\/bitdefender-small-office-security\/","title":{"rendered":"Bitdefender Small Office Security"},"content":{"rendered":"<h4><span class=\"___SText_8k3ll-ko_\" data-ui-name=\"Link.Text\">Bitdefender small office security<\/span> es la completa soluci\u00f3n de seguridad para mantener la protecci\u00f3n de su peque\u00f1a empresa<\/h4>\n<p>Inmejorable detecci\u00f3n de amenazas para evitar que su negocio sea v\u00edctima de los ataques de malware sofisticados, como el ransomware<\/p>\n<p>Bajo consumo de recursos del sistema para que la productividad no se vea afectada por la lentitud del sistema<\/p>\n<p>F\u00e1cil de instalar y administrar sin conocimientos de inform\u00e1tica<\/p>\n<section><strong>Consigue las tecnolog\u00edas m\u00e1s innovadoras que predicen, previenen, detectan y reparan incluso las amenazas digitales m\u00e1s recientes.<\/strong><\/section>\n<section>\n<h4>Protecci\u00f3n completa para sus dispositivos Windows, macOS, iOS y Android<\/h4>\n<p><strong>Bitdefender Small Office Security<\/strong> mantiene su negocio a salvo de virus, malware y ransomware, as\u00ed como de todas las amenazas digitales nuevas y existentes.<\/p>\n<h4>Protecci\u00f3n contra vulneraciones de datos<\/h4>\n<p>Independientemente del tama\u00f1o, la experiencia o el volumen de su negocio, necesita la mejor defensa contra los fraudes. Bitdefender Small Office Security previene las violaciones de la seguridad y protege los datos personales y financieros de sus clientes.<\/p>\n<h4>Evite las filtraciones de videollamadas<\/h4>\n<p>La Protecci\u00f3n de c\u00e1mara web y micr\u00f3fono le notifica si las apps intentan acceder a su c\u00e1mara web o micr\u00f3fono, y le permite bloquear los accesos no autorizados.<\/p>\n<h4>500\u00a0MB de tr\u00e1fico VPN diario para disfrutar de una actividad online r\u00e1pida, an\u00f3nima y segura<\/h4>\n<p>Mantenga la privacidad de su negocio. Proteja su informaci\u00f3n bancaria, contrase\u00f1as y descargas contra los piratas inform\u00e1ticos si usa Wi-Fi especialmente en redes p\u00fablicas.<\/p>\n<h4>Protecci\u00f3n para operar con banca online<\/h4>\n<p>Proteja las transacciones procesando sus pagos en un navegador dedicado para evitar el fraude y el robo de datos financieros.<\/p>\n<h4>Instalar y olvidar<\/h4>\n<p>Bitdefender Small Office Security tiene una interfaz muy intuitiva, f\u00e1cil de usar, instalar, configurar y gestionar seg\u00fan sus necesidades.<\/p>\n<\/section>\n","protected":false},"excerpt":{"rendered":"<p><strong>Seguridad digital de \u00faltima generaci\u00f3n dise\u00f1ada para su peque\u00f1a empresa u oficina en casa<\/strong><\/p>\n<p>Proteja completamente su peque\u00f1a empresa para evitar vulneraciones de datos y resguardar la informaci\u00f3n personal y financiera de sus clientes.<\/p>\n","protected":false},"featured_media":10636,"comment_status":"closed","ping_status":"closed","template":"","meta":[],"product_brand":[],"product_cat":[379],"product_tag":[],"class_list":{"0":"post-11132","1":"product","2":"type-product","3":"status-publish","4":"has-post-thumbnail","6":"product_cat-antivirus-en","8":"first","9":"outofstock","10":"sale","11":"taxable","12":"shipping-taxable","13":"product-type-variable"},"_links":{"self":[{"href":"https:\/\/www.datos101.com\/en\/wp-json\/wp\/v2\/product\/11132","targetHints":{"allow":["GET"]}}],"collection":[{"href":"https:\/\/www.datos101.com\/en\/wp-json\/wp\/v2\/product"}],"about":[{"href":"https:\/\/www.datos101.com\/en\/wp-json\/wp\/v2\/types\/product"}],"replies":[{"embeddable":true,"href":"https:\/\/www.datos101.com\/en\/wp-json\/wp\/v2\/comments?post=11132"}],"wp:featuredmedia":[{"embeddable":true,"href":"https:\/\/www.datos101.com\/en\/wp-json\/wp\/v2\/media\/10636"}],"wp:attachment":[{"href":"https:\/\/www.datos101.com\/en\/wp-json\/wp\/v2\/media?parent=11132"}],"wp:term":[{"taxonomy":"product_brand","embeddable":true,"href":"https:\/\/www.datos101.com\/en\/wp-json\/wp\/v2\/product_brand?post=11132"},{"taxonomy":"product_cat","embeddable":true,"href":"https:\/\/www.datos101.com\/en\/wp-json\/wp\/v2\/product_cat?post=11132"},{"taxonomy":"product_tag","embeddable":true,"href":"https:\/\/www.datos101.com\/en\/wp-json\/wp\/v2\/product_tag?post=11132"}],"curies":[{"name":"wp","href":"https:\/\/api.w.org\/{rel}","templated":true}]}}